

{"id":12,"date":"2024-06-11T14:25:35","date_gmt":"2024-06-11T12:25:35","guid":{"rendered":"https:\/\/pitayarestaurant.ma\/?page_id=12"},"modified":"2025-12-22T11:35:11","modified_gmt":"2025-12-22T10:35:11","slug":"home","status":"publish","type":"page","link":"https:\/\/pitayarestaurant.ma\/","title":{"rendered":"home"},"content":{"rendered":"\t\t<div data-elementor-type=\"wp-page\" data-elementor-id=\"12\" class=\"elementor elementor-12\">\n\t\t\t\t\t\t<section class=\"elementor-section elementor-top-section elementor-element elementor-element-6861e78 elementor-section-full_width elementor-section-height-full elementor-section-height-default elementor-section-items-middle\" data-id=\"6861e78\" data-element_type=\"section\">\n\t\t\t\t\t\t<div class=\"elementor-container elementor-column-gap-default\">\n\t\t\t\t\t<div class=\"elementor-column elementor-col-50 elementor-top-column elementor-element elementor-element-322598e\" data-id=\"322598e\" data-element_type=\"column\">\n\t\t\t<div class=\"elementor-widget-wrap elementor-element-populated\">\n\t\t\t\t\t\t<div class=\"elementor-element elementor-element-8e27b4c elementor-widget elementor-widget-image\" data-id=\"8e27b4c\" data-element_type=\"widget\" data-widget_type=\"image.default\">\n\t\t\t\t<div class=\"elementor-widget-container\">\n\t\t\t\t\t\t\t\t\t\t\t\t\t\t\t<img fetchpriority=\"high\" decoding=\"async\" width=\"800\" height=\"804\" src=\"https:\/\/pitayarestaurant.ma\/wp-content\/uploads\/2025\/12\/pitaya-final-1019x1024-1.jpg\" class=\"attachment-large size-large wp-image-276\" alt=\"\" srcset=\"https:\/\/pitayarestaurant.ma\/wp-content\/uploads\/2025\/12\/pitaya-final-1019x1024-1.jpg 1019w, https:\/\/pitayarestaurant.ma\/wp-content\/uploads\/2025\/12\/pitaya-final-1019x1024-1-150x150.jpg 150w, https:\/\/pitayarestaurant.ma\/wp-content\/uploads\/2025\/12\/pitaya-final-1019x1024-1-768x772.jpg 768w\" sizes=\"(max-width: 800px) 100vw, 800px\" \/>\t\t\t\t\t\t\t\t\t\t\t\t\t\t\t<\/div>\n\t\t\t\t<\/div>\n\t\t\t\t\t<\/div>\n\t\t<\/div>\n\t\t\t\t<div class=\"elementor-column elementor-col-50 elementor-top-column elementor-element elementor-element-9118ef4\" data-id=\"9118ef4\" data-element_type=\"column\">\n\t\t\t<div class=\"elementor-widget-wrap elementor-element-populated\">\n\t\t\t\t\t\t<section class=\"elementor-section elementor-inner-section elementor-element elementor-element-fa5e781 elementor-section-boxed elementor-section-height-default elementor-section-height-default\" data-id=\"fa5e781\" data-element_type=\"section\">\n\t\t\t\t\t\t<div class=\"elementor-container elementor-column-gap-default\">\n\t\t\t\t\t<div class=\"elementor-column elementor-col-33 elementor-inner-column elementor-element elementor-element-bedc496 elementor-hidden-mobile\" data-id=\"bedc496\" data-element_type=\"column\">\n\t\t\t<div class=\"elementor-widget-wrap\">\n\t\t\t\t\t\t\t<\/div>\n\t\t<\/div>\n\t\t\t\t<div class=\"elementor-column elementor-col-33 elementor-inner-column elementor-element elementor-element-78c8a39\" data-id=\"78c8a39\" data-element_type=\"column\">\n\t\t\t<div class=\"elementor-widget-wrap elementor-element-populated\">\n\t\t\t\t\t\t<div class=\"elementor-element elementor-element-c65dfdc elementor-widget elementor-widget-image\" data-id=\"c65dfdc\" data-element_type=\"widget\" data-widget_type=\"image.default\">\n\t\t\t\t<div class=\"elementor-widget-container\">\n\t\t\t\t\t\t\t\t\t\t\t\t\t\t\t<img decoding=\"async\" width=\"300\" height=\"251\" src=\"https:\/\/pitayarestaurant.ma\/wp-content\/uploads\/2025\/04\/Logo-pitaya009.png\" class=\"attachment-medium size-medium wp-image-178\" alt=\"\" \/>\t\t\t\t\t\t\t\t\t\t\t\t\t\t\t<\/div>\n\t\t\t\t<\/div>\n\t\t\t\t\t<\/div>\n\t\t<\/div>\n\t\t\t\t<div class=\"elementor-column elementor-col-33 elementor-inner-column elementor-element elementor-element-c11796e elementor-hidden-mobile\" data-id=\"c11796e\" data-element_type=\"column\">\n\t\t\t<div class=\"elementor-widget-wrap\">\n\t\t\t\t\t\t\t<\/div>\n\t\t<\/div>\n\t\t\t\t\t<\/div>\n\t\t<\/section>\n\t\t\t\t<div class=\"elementor-element elementor-element-dbcba9b elementor-widget elementor-widget-heading\" data-id=\"dbcba9b\" data-element_type=\"widget\" data-widget_type=\"heading.default\">\n\t\t\t\t<div class=\"elementor-widget-container\">\n\t\t\t\t\t<h2 class=\"elementor-heading-title elementor-size-default\">JE SOUHAITE ME PR\u00c9-INSCRIRE AU PROGRAMME DE FID\u00c9LIT\u00c9<\/h2>\t\t\t\t<\/div>\n\t\t\t\t<\/div>\n\t\t\t\t<div class=\"elementor-element elementor-element-538c67b elementor-widget__width-initial elementor-widget elementor-widget-text-editor\" data-id=\"538c67b\" data-element_type=\"widget\" data-widget_type=\"text-editor.default\">\n\t\t\t\t<div class=\"elementor-widget-container\">\n\t\t\t\t\t\t\t\t\t<p>\n<div class=\"wpcf7 no-js\" id=\"wpcf7-f19-o1\" lang=\"fr-FR\" dir=\"ltr\" data-wpcf7-id=\"19\">\n<div class=\"screen-reader-response\"><p role=\"status\" aria-live=\"polite\" aria-atomic=\"true\"><\/p> <ul><\/ul><\/div>\n<form action=\"\/index.php\/wp-json\/wp\/v2\/pages\/12#wpcf7-f19-o1\" method=\"post\" class=\"wpcf7-form init\" aria-label=\"Formulaire de contact\" novalidate=\"novalidate\" data-status=\"init\">\n<div style=\"display: none;\">\n<input type=\"hidden\" name=\"_wpcf7\" value=\"19\" \/>\n<input type=\"hidden\" name=\"_wpcf7_version\" value=\"6.0.6\" \/>\n<input type=\"hidden\" name=\"_wpcf7_locale\" value=\"fr_FR\" \/>\n<input type=\"hidden\" name=\"_wpcf7_unit_tag\" value=\"wpcf7-f19-o1\" \/>\n<input type=\"hidden\" name=\"_wpcf7_container_post\" value=\"0\" \/>\n<input type=\"hidden\" name=\"_wpcf7_posted_data_hash\" value=\"\" \/>\n<\/div>\n<p><br \/>\n<span class=\"wpcf7-form-control-wrap\" data-name=\"Nom\"><input size=\"40\" maxlength=\"400\" class=\"wpcf7-form-control wpcf7-text wpcf7-validates-as-required\" aria-required=\"true\" aria-invalid=\"false\" placeholder=\"Nom\" value=\"\" type=\"text\" name=\"Nom\" \/><\/span>\n<\/p>\n<p><br \/>\n<span class=\"wpcf7-form-control-wrap\" data-name=\"Prenom\"><input size=\"40\" maxlength=\"400\" class=\"wpcf7-form-control wpcf7-text wpcf7-validates-as-required\" aria-required=\"true\" aria-invalid=\"false\" placeholder=\"Pr\u00e9nom\" value=\"\" type=\"text\" name=\"Prenom\" \/><\/span>\n<\/p>\n<p><br \/>\n<span class=\"wpcf7-form-control-wrap\" data-name=\"Email\"><input size=\"40\" maxlength=\"400\" class=\"wpcf7-form-control wpcf7-email wpcf7-validates-as-required wpcf7-text wpcf7-validates-as-email\" aria-required=\"true\" aria-invalid=\"false\" placeholder=\"E-mail\" value=\"\" type=\"email\" name=\"Email\" \/><\/span>\n<\/p>\n<p><br \/>\n<span class=\"wpcf7-form-control-wrap\" data-name=\"Telephone\"><input size=\"40\" maxlength=\"400\" class=\"wpcf7-form-control wpcf7-tel wpcf7-validates-as-required wpcf7-text wpcf7-validates-as-tel\" aria-required=\"true\" aria-invalid=\"false\" placeholder=\"t\u00e9l\u00e9phone\" value=\"\" type=\"tel\" name=\"Telephone\" \/><\/span>\n<\/p>\n<p style=\"color: #595757;margin: 10px 0px 0 16px;\">DATE DE NAISSANCE :\n<\/p>\n<p><span class=\"wpcf7-form-control-wrap\" data-name=\"date-naissance\"><input class=\"wpcf7-form-control wpcf7-date wpcf7-validates-as-date\" aria-invalid=\"false\" value=\"\" type=\"date\" name=\"date-naissance\" \/><\/span>\n<\/p>\n<p><input type=\"hidden\" name=\"utm_campaign\" value=\"\" \/>\n<\/p>\n<p><input type=\"hidden\" name=\"utm_source\" value=\"\" \/>\n<\/p>\n<p><input type=\"hidden\" name=\"utm_medium\" value=\"\" \/>\n<\/p>\n<p><input type=\"hidden\" name=\"utm_term\" value=\"\" \/>\n<\/p>\n<p><input type=\"hidden\" name=\"utm_content\" value=\"\" \/>\n<\/p>\n<p><input type=\"hidden\" name=\"gclid\" value=\"\" \/>\n<\/p>\n<p><span class=\"wpcf7-form-control-wrap\" data-name=\"Radio\"><span class=\"wpcf7-form-control wpcf7-radio\"><span class=\"wpcf7-list-item first last\"><label><input type=\"radio\" name=\"Radio\" value=\"J\u2019accepte de recevoir des messages publicitaires de Pitaya.\" \/><span class=\"wpcf7-list-item-label\">J\u2019accepte de recevoir des messages publicitaires de Pitaya.<\/span><\/label><\/span><\/span><\/span>\n<\/p>\n<p class=\"btn\"><input class=\"wpcf7-form-control wpcf7-submit has-spinner\" type=\"submit\" value=\"INSCRIPTION\" \/>\n<\/p><div class=\"wpcf7-response-output\" aria-hidden=\"true\"><\/div>\n<\/form>\n<\/div>\n<\/p>\t\t\t\t\t\t\t\t<\/div>\n\t\t\t\t<\/div>\n\t\t\t\t<section class=\"elementor-section elementor-inner-section elementor-element elementor-element-3637100 elementor-section-boxed elementor-section-height-default elementor-section-height-default\" data-id=\"3637100\" data-element_type=\"section\">\n\t\t\t\t\t\t<div class=\"elementor-container elementor-column-gap-default\">\n\t\t\t\t\t<div class=\"elementor-column elementor-col-100 elementor-inner-column elementor-element elementor-element-be2403d\" data-id=\"be2403d\" data-element_type=\"column\">\n\t\t\t<div class=\"elementor-widget-wrap elementor-element-populated\">\n\t\t\t\t\t\t<div class=\"elementor-element elementor-element-1616fff elementor-widget-mobile__width-initial elementor-widget elementor-widget-image\" data-id=\"1616fff\" data-element_type=\"widget\" data-widget_type=\"image.default\">\n\t\t\t\t<div class=\"elementor-widget-container\">\n\t\t\t\t\t\t\t\t\t\t\t\t\t\t\t<img decoding=\"async\" width=\"150\" height=\"58\" src=\"https:\/\/pitayarestaurant.ma\/wp-content\/uploads\/2025\/04\/logo-marjan2.png\" class=\"attachment-large size-large wp-image-116\" alt=\"\" \/>\t\t\t\t\t\t\t\t\t\t\t\t\t\t\t<\/div>\n\t\t\t\t<\/div>\n\t\t\t\t\t<\/div>\n\t\t<\/div>\n\t\t\t\t\t<\/div>\n\t\t<\/section>\n\t\t\t\t\t<\/div>\n\t\t<\/div>\n\t\t\t\t\t<\/div>\n\t\t<\/section>\n\t\t\t\t<\/div>\n\t\t","protected":false},"excerpt":{"rendered":"<p>JE SOUHAITE ME PR\u00c9-INSCRIRE AU PROGRAMME DE FID\u00c9LIT\u00c9<\/p>\n","protected":false},"author":1,"featured_media":0,"parent":0,"menu_order":0,"comment_status":"closed","ping_status":"closed","template":"elementor_canvas","meta":{"footnotes":""},"class_list":["post-12","page","type-page","status-publish","hentry"],"yoast_head":"<!-- This site is optimized with the Yoast SEO plugin v24.9 - https:\/\/yoast.com\/wordpress\/plugins\/seo\/ -->\n<title>Pitaya Maroc | Mangez, cumulez, profitez !<\/title>\n<meta name=\"description\" content=\"Rejoins le programme fid\u00e9lit\u00e9 et profite sans attendre.\" \/>\n<meta name=\"robots\" content=\"index, follow, max-snippet:-1, max-image-preview:large, max-video-preview:-1\" \/>\n<link rel=\"canonical\" href=\"https:\/\/pitayarestaurant.ma\/\" \/>\n<meta property=\"og:locale\" content=\"fr_FR\" \/>\n<meta property=\"og:type\" content=\"article\" \/>\n<meta property=\"og:title\" content=\"Pitaya Maroc | Mangez, cumulez, profitez !\" \/>\n<meta property=\"og:description\" content=\"Rejoins le programme fid\u00e9lit\u00e9 et profite sans attendre.\" \/>\n<meta property=\"og:url\" content=\"https:\/\/pitayarestaurant.ma\/\" \/>\n<meta property=\"og:site_name\" content=\"Pitaya Maroc | Mangez, cumulez, profitez !\" \/>\n<meta property=\"article:modified_time\" content=\"2025-12-22T10:35:11+00:00\" \/>\n<meta property=\"og:image\" content=\"https:\/\/pitayarestaurant.ma\/wp-content\/uploads\/2025\/12\/pitaya-final-1019x1024-1.jpg\" \/>\n\t<meta property=\"og:image:width\" content=\"1019\" \/>\n\t<meta property=\"og:image:height\" content=\"1024\" \/>\n\t<meta property=\"og:image:type\" content=\"image\/jpeg\" \/>\n<meta name=\"twitter:card\" content=\"summary_large_image\" \/>\n<meta name=\"twitter:label1\" content=\"Dur\u00e9e de lecture estim\u00e9e\" \/>\n\t<meta name=\"twitter:data1\" content=\"1 minute\" \/>\n<script type=\"application\/ld+json\" class=\"yoast-schema-graph\">{\"@context\":\"https:\/\/schema.org\",\"@graph\":[{\"@type\":\"WebPage\",\"@id\":\"https:\/\/pitayarestaurant.ma\/\",\"url\":\"https:\/\/pitayarestaurant.ma\/\",\"name\":\"Pitaya Maroc | Mangez, cumulez, profitez !\",\"isPartOf\":{\"@id\":\"https:\/\/pitayarestaurant.ma\/#website\"},\"primaryImageOfPage\":{\"@id\":\"https:\/\/pitayarestaurant.ma\/#primaryimage\"},\"image\":{\"@id\":\"https:\/\/pitayarestaurant.ma\/#primaryimage\"},\"thumbnailUrl\":\"https:\/\/pitayarestaurant.ma\/wp-content\/uploads\/2025\/12\/pitaya-final-1019x1024-1.jpg\",\"datePublished\":\"2024-06-11T12:25:35+00:00\",\"dateModified\":\"2025-12-22T10:35:11+00:00\",\"description\":\"Rejoins le programme fid\u00e9lit\u00e9 et profite sans attendre.\",\"breadcrumb\":{\"@id\":\"https:\/\/pitayarestaurant.ma\/#breadcrumb\"},\"inLanguage\":\"fr-FR\",\"potentialAction\":[{\"@type\":\"ReadAction\",\"target\":[\"https:\/\/pitayarestaurant.ma\/\"]}]},{\"@type\":\"ImageObject\",\"inLanguage\":\"fr-FR\",\"@id\":\"https:\/\/pitayarestaurant.ma\/#primaryimage\",\"url\":\"https:\/\/pitayarestaurant.ma\/wp-content\/uploads\/2025\/12\/pitaya-final-1019x1024-1.jpg\",\"contentUrl\":\"https:\/\/pitayarestaurant.ma\/wp-content\/uploads\/2025\/12\/pitaya-final-1019x1024-1.jpg\",\"width\":1019,\"height\":1024},{\"@type\":\"BreadcrumbList\",\"@id\":\"https:\/\/pitayarestaurant.ma\/#breadcrumb\",\"itemListElement\":[{\"@type\":\"ListItem\",\"position\":1,\"name\":\"Accueil\",\"item\":\"https:\/\/pitayarestaurant.ma\/\"},{\"@type\":\"ListItem\",\"position\":2,\"name\":\"home\"}]},{\"@type\":\"WebSite\",\"@id\":\"https:\/\/pitayarestaurant.ma\/#website\",\"url\":\"https:\/\/pitayarestaurant.ma\/\",\"name\":\"Pitaya Maroc | Mangez, cumulez, profitez !\",\"description\":\"\",\"potentialAction\":[{\"@type\":\"SearchAction\",\"target\":{\"@type\":\"EntryPoint\",\"urlTemplate\":\"https:\/\/pitayarestaurant.ma\/?s={search_term_string}\"},\"query-input\":{\"@type\":\"PropertyValueSpecification\",\"valueRequired\":true,\"valueName\":\"search_term_string\"}}],\"inLanguage\":\"fr-FR\"}]}<\/script>\n<!-- \/ Yoast SEO plugin. -->","yoast_head_json":{"title":"Pitaya Maroc | Mangez, cumulez, profitez !","description":"Rejoins le programme fid\u00e9lit\u00e9 et profite sans attendre.","robots":{"index":"index","follow":"follow","max-snippet":"max-snippet:-1","max-image-preview":"max-image-preview:large","max-video-preview":"max-video-preview:-1"},"canonical":"https:\/\/pitayarestaurant.ma\/","og_locale":"fr_FR","og_type":"article","og_title":"Pitaya Maroc | Mangez, cumulez, profitez !","og_description":"Rejoins le programme fid\u00e9lit\u00e9 et profite sans attendre.","og_url":"https:\/\/pitayarestaurant.ma\/","og_site_name":"Pitaya Maroc | Mangez, cumulez, profitez !","article_modified_time":"2025-12-22T10:35:11+00:00","og_image":[{"width":1019,"height":1024,"url":"https:\/\/pitayarestaurant.ma\/wp-content\/uploads\/2025\/12\/pitaya-final-1019x1024-1.jpg","type":"image\/jpeg"}],"twitter_card":"summary_large_image","twitter_misc":{"Dur\u00e9e de lecture estim\u00e9e":"1 minute"},"schema":{"@context":"https:\/\/schema.org","@graph":[{"@type":"WebPage","@id":"https:\/\/pitayarestaurant.ma\/","url":"https:\/\/pitayarestaurant.ma\/","name":"Pitaya Maroc | Mangez, cumulez, profitez !","isPartOf":{"@id":"https:\/\/pitayarestaurant.ma\/#website"},"primaryImageOfPage":{"@id":"https:\/\/pitayarestaurant.ma\/#primaryimage"},"image":{"@id":"https:\/\/pitayarestaurant.ma\/#primaryimage"},"thumbnailUrl":"https:\/\/pitayarestaurant.ma\/wp-content\/uploads\/2025\/12\/pitaya-final-1019x1024-1.jpg","datePublished":"2024-06-11T12:25:35+00:00","dateModified":"2025-12-22T10:35:11+00:00","description":"Rejoins le programme fid\u00e9lit\u00e9 et profite sans attendre.","breadcrumb":{"@id":"https:\/\/pitayarestaurant.ma\/#breadcrumb"},"inLanguage":"fr-FR","potentialAction":[{"@type":"ReadAction","target":["https:\/\/pitayarestaurant.ma\/"]}]},{"@type":"ImageObject","inLanguage":"fr-FR","@id":"https:\/\/pitayarestaurant.ma\/#primaryimage","url":"https:\/\/pitayarestaurant.ma\/wp-content\/uploads\/2025\/12\/pitaya-final-1019x1024-1.jpg","contentUrl":"https:\/\/pitayarestaurant.ma\/wp-content\/uploads\/2025\/12\/pitaya-final-1019x1024-1.jpg","width":1019,"height":1024},{"@type":"BreadcrumbList","@id":"https:\/\/pitayarestaurant.ma\/#breadcrumb","itemListElement":[{"@type":"ListItem","position":1,"name":"Accueil","item":"https:\/\/pitayarestaurant.ma\/"},{"@type":"ListItem","position":2,"name":"home"}]},{"@type":"WebSite","@id":"https:\/\/pitayarestaurant.ma\/#website","url":"https:\/\/pitayarestaurant.ma\/","name":"Pitaya Maroc | Mangez, cumulez, profitez !","description":"","potentialAction":[{"@type":"SearchAction","target":{"@type":"EntryPoint","urlTemplate":"https:\/\/pitayarestaurant.ma\/?s={search_term_string}"},"query-input":{"@type":"PropertyValueSpecification","valueRequired":true,"valueName":"search_term_string"}}],"inLanguage":"fr-FR"}]}},"_links":{"self":[{"href":"https:\/\/pitayarestaurant.ma\/index.php\/wp-json\/wp\/v2\/pages\/12","targetHints":{"allow":["GET"]}}],"collection":[{"href":"https:\/\/pitayarestaurant.ma\/index.php\/wp-json\/wp\/v2\/pages"}],"about":[{"href":"https:\/\/pitayarestaurant.ma\/index.php\/wp-json\/wp\/v2\/types\/page"}],"author":[{"embeddable":true,"href":"https:\/\/pitayarestaurant.ma\/index.php\/wp-json\/wp\/v2\/users\/1"}],"replies":[{"embeddable":true,"href":"https:\/\/pitayarestaurant.ma\/index.php\/wp-json\/wp\/v2\/comments?post=12"}],"version-history":[{"count":172,"href":"https:\/\/pitayarestaurant.ma\/index.php\/wp-json\/wp\/v2\/pages\/12\/revisions"}],"predecessor-version":[{"id":294,"href":"https:\/\/pitayarestaurant.ma\/index.php\/wp-json\/wp\/v2\/pages\/12\/revisions\/294"}],"wp:attachment":[{"href":"https:\/\/pitayarestaurant.ma\/index.php\/wp-json\/wp\/v2\/media?parent=12"}],"curies":[{"name":"wp","href":"https:\/\/api.w.org\/{rel}","templated":true}]}}